{"id":79,"date":"2024-08-28T17:42:28","date_gmt":"2024-08-28T15:42:28","guid":{"rendered":"https:\/\/rsem-pour-grandir.fr\/?page_id=79"},"modified":"2024-09-19T15:32:15","modified_gmt":"2024-09-19T13:32:15","slug":"reflexes-primitifs","status":"publish","type":"page","link":"https:\/\/rsem-pour-grandir.fr\/?page_id=79","title":{"rendered":"R\u00e9flexes primitifs"},"content":{"rendered":"\t\t<div data-elementor-type=\"wp-page\" data-elementor-id=\"79\" class=\"elementor elementor-79\">\n\t\t\t\t<div class=\"elementor-element elementor-element-c7c70e8 e-flex e-con-boxed e-con e-parent\" data-id=\"c7c70e8\" data-element_type=\"container\">\n\t\t\t\t\t<div class=\"e-con-inner\">\n\t\t\t\t<div class=\"elementor-element elementor-element-219e50f9 elementor-widget elementor-widget-text-editor\" data-id=\"219e50f9\" data-element_type=\"widget\" data-widget_type=\"text-editor.default\">\n\t\t\t\t<div class=\"elementor-widget-container\">\n\t\t\t\t\t\t\t<p>Un b\u00e9b\u00e9, peu de temps apr\u00e8s sa naissance, n\u2019a qu\u2019un contr\u00f4le minimal sur ses mouvements. Chaque enfant na\u00eet avec des r\u00e9flexes primitifs. Ceux-ci encouragent le mouvement et l\u2019interaction avec l\u2019environnement.<\/p>\n<p>Les r\u00e9flexes sont des r\u00e9ponses st\u00e9r\u00e9otyp\u00e9es \u00e0 certaines stimulations. Ils sont tr\u00e8s brusques et incontr\u00f4l\u00e9s. Mais ce sont les r\u00e9flexes du b\u00e9b\u00e9 qui constituent la premi\u00e8re r\u00e9ponse motrice \u00e0 tout ce qui se passe autour de lui. Ils constituent la premi\u00e8re formation pour un fonctionnement ult\u00e9rieur dans son environnement. Progressivement, le caract\u00e8re r\u00e9flexif de ces mouvements diminue et les capacit\u00e9s motrices deviennent de plus en plus matures et raffin\u00e9es.<\/p>\n<p>\u00c0 mesure que le cerveau du b\u00e9b\u00e9 continue de se d\u00e9velopper au cours de la premi\u00e8re ann\u00e9e de sa vie, le nombre de connexions dans les centres sup\u00e9rieurs du cerveau augmente \u00e9galement.&nbsp;<\/p>\n<p>Le cerveau humain est capable de beaucoup de choses, l&#8217;\u00e9ducation\/la formation est n\u00e9cessaire pour garantir.<\/p>\n<p>Les couches les plus primitives de&nbsp;<a class=\"grouped_elements\" title=\"photo avec des r\u00e9flexes\" href=\"https:\/\/i0.wp.com\/www.inpp.be\/wp-content\/uploads\/2015\/11\/foto-bij-reflexen.jpg?ssl=1\" rel=\"tc-fancybox-group7\"><img fetchpriority=\"high\" decoding=\"async\" class=\"size-medium wp-image-187 alignright\" tabindex=\"0\" role=\"button\" src=\"https:\/\/i0.wp.com\/www.inpp.be\/wp-content\/uploads\/2015\/11\/foto-bij-reflexen.jpg?resize=225%2C300&amp;ssl=1\" sizes=\"(max-width: 225px) 100vw, 225px\" srcset=\"https:\/\/i0.wp.com\/www.inpp.be\/wp-content\/uploads\/2015\/11\/foto-bij-reflexen.jpg?resize=225%2C300&amp;ssl=1 225w, https:\/\/i0.wp.com\/www.inpp.be\/wp-content\/uploads\/2015\/11\/foto-bij-reflexen.jpg?resize=768%2C1024&amp;ssl=1 768w, https:\/\/i0.wp.com\/www.inpp.be\/wp-content\/uploads\/2015\/11\/foto-bij-reflexen.jpg?w=2340&amp;ssl=1 2340w\" alt=\"photo avec des r\u00e9flexes\" width=\"225\" height=\"300\" data-recalc-dims=\"1\" data-attachment-id=\"187\" data-permalink=\"https:\/\/www.inpp.be\/reflexen\/attachment\/foto-bij-reflexen\/\" data-orig-file=\"https:\/\/i0.wp.com\/www.inpp.be\/wp-content\/uploads\/2015\/11\/foto-bij-reflexen.jpg?fit=2736%2C3648&amp;ssl=1\" data-orig-size=\"2736,3648\" data-comments-opened=\"1\" data-image-meta=\"{&quot;aperture&quot;:&quot;2.8&quot;,&quot;credit&quot;:&quot;&quot;,&quot;camera&quot;:&quot;Canon DIGITAL IXUS 85 IS&quot;,&quot;caption&quot;:&quot;&quot;,&quot;created_timestamp&quot;:&quot;1364305233&quot;,&quot;copyright&quot;:&quot;&quot;,&quot;focal_length&quot;:&quot;6.2&quot;,&quot;iso&quot;:&quot;125&quot;,&quot;shutter_speed&quot;:&quot;0.0125&quot;,&quot;title&quot;:&quot;&quot;,&quot;orientation&quot;:&quot;1&quot;}\" data-image-title=\"foto bij reflexen\" data-image-description=\"\" data-image-caption=\"\" data-medium-file=\"https:\/\/i0.wp.com\/www.inpp.be\/wp-content\/uploads\/2015\/11\/foto-bij-reflexen.jpg?fit=225%2C300&amp;ssl=1\" data-large-file=\"https:\/\/i0.wp.com\/www.inpp.be\/wp-content\/uploads\/2015\/11\/foto-bij-reflexen.jpg?fit=768%2C1024&amp;ssl=1\"><\/a>ce cerveau (tronc c\u00e9r\u00e9bral) contiennent les&nbsp;<strong>r\u00e9flexes ; r\u00e9flexe de pr\u00e9hension et de succion, le r\u00e9flexe de moro, le r\u00e9flexe tonique asym\u00e9trique du cou, etc.<\/strong>&nbsp;<\/p>\n<p>Normalement, les r\u00e9flexes du b\u00e9b\u00e9 sont contr\u00f4l\u00e9s par les centres c\u00e9r\u00e9braux sup\u00e9rieurs pendant les premiers mois de sa vie. Les v\u00e9ritables m\u00e9canismes de survie sont alors transform\u00e9s et des mouvements plus raffin\u00e9s et contr\u00f4l\u00e9s deviennent possibles. Les r\u00e9flexes primitifs sont mis en \u00ab mode veille \u00bb. Les r\u00e9flexes posturaux prennent alors le contr\u00f4le de l\u2019\u00e9quilibre, de la posture et des mouvements contre la gravit\u00e9.<\/p>\n<p>Le d\u00e9veloppement des r\u00e9flexes posturaux refl\u00e8te les comp\u00e9tences croissantes de l&#8217;enfant. L&#8217;enfant devient plus mature et peut mieux se g\u00e9rer.<\/p>\n<p>Ce processus n\u2019est pas complet pour tout le monde de mani\u00e8re \u00e9gale. Vous avez donc des enfants, des jeunes et des adultes qui font encore preuve de r\u00e9flexes primitifs. Ces enfants et adultes \u00e9prouvent encore des difficult\u00e9s en mati\u00e8re de motricit\u00e9 fine, de coordination, d&#8217;\u00e9quilibre, etc. Les enfants \u00e9prouveront des difficult\u00e9s en classe avec l&#8217;\u00e9criture fluide, la position assise, la lecture et la gymnastique.<\/p>\n<p>Des r\u00e9flexes primitifs qui n&#8217;ont pas suivi leur plein d\u00e9veloppement dans le temps g\u00eanent et emp\u00eachent l&#8217;enfant de se donner \u00e0 fond. Cela peut causer des probl\u00e8mes non seulement physiques, mais aussi sociaux et \u00e9motionnels. Tout comme dans le traitement de tous les stimuli qui nous entourent. L\u2019enfant peut \u00eatre hypersensible dans certains domaines, mais il peut \u00eatre hyposensible \u00e0 d\u2019autres choses.<\/p>\t\t\t\t\t\t<\/div>\n\t\t\t\t<\/div>\n\t\t\t\t\t<\/div>\n\t\t\t\t<\/div>\n\t\t\t\t<\/div>\n\t\t","protected":false},"excerpt":{"rendered":"<p>Un b\u00e9b\u00e9, peu de temps apr\u00e8s sa naissance, n\u2019a qu\u2019un contr\u00f4le minimal sur ses mouvements. Chaque enfant na\u00eet avec des r\u00e9flexes primitifs. Ceux-ci encouragent le mouvement et l\u2019interaction avec l\u2019environnement. Les r\u00e9flexes sont des r\u00e9ponses st\u00e9r\u00e9otyp\u00e9es \u00e0 certaines stimulations. Ils sont tr\u00e8s brusques et incontr\u00f4l\u00e9s. Mais ce sont les r\u00e9flexes du b\u00e9b\u00e9 qui constituent la &hellip; <\/p>\n<p class=\"link-more\"><a href=\"https:\/\/rsem-pour-grandir.fr\/?page_id=79\" class=\"more-link\">Continue reading<span class=\"screen-reader-text\"> &#8220;R\u00e9flexes primitifs&#8221;<\/span><\/a><\/p>\n","protected":false},"author":1,"featured_media":0,"parent":0,"menu_order":0,"comment_status":"closed","ping_status":"closed","template":"","meta":{"_regular_price":[],"currency_symbol":[],"om_disable_all_campaigns":false,"_monsterinsights_skip_tracking":false,"_monsterinsights_sitenote_active":false,"_monsterinsights_sitenote_note":"","_monsterinsights_sitenote_category":0,"footnotes":""},"class_list":["post-79","page","type-page","status-publish","hentry"],"aioseo_notices":[],"post_slider_layout_featured_media_urls":{"thumbnail":"","post_slider_layout_landscape_large":"","post_slider_layout_portrait_large":"","post_slider_layout_square_large":"","post_slider_layout_landscape":"","post_slider_layout_portrait":"","post_slider_layout_square":"","full":""},"_links":{"self":[{"href":"https:\/\/rsem-pour-grandir.fr\/index.php?rest_route=\/wp\/v2\/pages\/79"}],"collection":[{"href":"https:\/\/rsem-pour-grandir.fr\/index.php?rest_route=\/wp\/v2\/pages"}],"about":[{"href":"https:\/\/rsem-pour-grandir.fr\/index.php?rest_route=\/wp\/v2\/types\/page"}],"author":[{"embeddable":true,"href":"https:\/\/rsem-pour-grandir.fr\/index.php?rest_route=\/wp\/v2\/users\/1"}],"replies":[{"embeddable":true,"href":"https:\/\/rsem-pour-grandir.fr\/index.php?rest_route=%2Fwp%2Fv2%2Fcomments&post=79"}],"version-history":[{"count":5,"href":"https:\/\/rsem-pour-grandir.fr\/index.php?rest_route=\/wp\/v2\/pages\/79\/revisions"}],"predecessor-version":[{"id":368,"href":"https:\/\/rsem-pour-grandir.fr\/index.php?rest_route=\/wp\/v2\/pages\/79\/revisions\/368"}],"wp:attachment":[{"href":"https:\/\/rsem-pour-grandir.fr\/index.php?rest_route=%2Fwp%2Fv2%2Fmedia&parent=79"}],"curies":[{"name":"wp","href":"https:\/\/api.w.org\/{rel}","templated":true}]}}