{"id":77,"date":"2024-08-28T17:41:25","date_gmt":"2024-08-28T15:41:25","guid":{"rendered":"https:\/\/rsem-pour-grandir.fr\/?page_id=77"},"modified":"2024-10-29T16:31:41","modified_gmt":"2024-10-29T15:31:41","slug":"tarif-prise-de-rdv","status":"publish","type":"page","link":"https:\/\/rsem-pour-grandir.fr\/?page_id=77","title":{"rendered":"Tarif"},"content":{"rendered":"\t\t<div data-elementor-type=\"wp-page\" data-elementor-id=\"77\" class=\"elementor elementor-77\">\n\t\t\t\t<div class=\"elementor-element elementor-element-6bfc8b2 e-grid e-con-boxed e-con e-parent\" data-id=\"6bfc8b2\" data-element_type=\"container\">\n\t\t\t\t\t<div class=\"e-con-inner\">\n\t\t<div class=\"elementor-element elementor-element-50ed3cd e-flex e-con-boxed e-con e-child\" data-id=\"50ed3cd\" data-element_type=\"container\">\n\t\t\t\t\t<div class=\"e-con-inner\">\n\t\t\t\t<div class=\"elementor-element elementor-element-cc98c8d elementor-widget elementor-widget-text-editor\" data-id=\"cc98c8d\" data-element_type=\"widget\" data-widget_type=\"text-editor.default\">\n\t\t\t\t<div class=\"elementor-widget-container\">\n\t\t\t\t\t\t\t<p>&#8211; Envoi et \u00e9tude du questionnaire : offert<\/p><p>&#8211; Premier entretien (1 heure) : 30\u20ac<\/p><p>&#8211; Bilan complet et rapport : 90\u20ac<\/p><p>&#8211; Rendez-vous de pr\u00e9sentation du rapport avec premiers mouvements \u00e0 faire \u00e0 la maison : 30\u20ac<\/p><p>&#8211; Rendez-vous de suivi toutes les 6 \u00e0 8 semaines : 30\u20ac<\/p>\t\t\t\t\t\t<\/div>\n\t\t\t\t<\/div>\n\t\t<div class=\"elementor-element elementor-element-daea04d e-con-full e-flex e-con e-child\" data-id=\"daea04d\" data-element_type=\"container\">\n\t\t\t\t<div class=\"elementor-element elementor-element-acd2340 elementor-widget elementor-widget-image\" data-id=\"acd2340\" data-element_type=\"widget\" data-widget_type=\"image.default\">\n\t\t\t\t<div class=\"elementor-widget-container\">\n\t\t\t\t\t\t\t\t\t\t\t\t\t<img fetchpriority=\"high\" decoding=\"async\" width=\"640\" height=\"905\" src=\"https:\/\/rsem-pour-grandir.fr\/wp-content\/uploads\/2024\/10\/Design-sans-titre-9.png\" class=\"attachment-large size-large wp-image-411\" alt=\"\" \/>\t\t\t\t\t\t\t\t\t\t\t\t\t<\/div>\n\t\t\t\t<\/div>\n\t\t\t\t<\/div>\n\t\t\t\t\t<\/div>\n\t\t\t\t<\/div>\n\t\t<div class=\"elementor-element elementor-element-616ec98 e-con-full e-flex e-con e-child\" data-id=\"616ec98\" data-element_type=\"container\">\n\t\t<div class=\"elementor-element elementor-element-5a8cfde e-con-full e-flex e-con e-child\" data-id=\"5a8cfde\" data-element_type=\"container\">\n\t\t\t\t<div class=\"elementor-element elementor-element-5ef9a4c elementor-widget elementor-widget-heading\" data-id=\"5ef9a4c\" data-element_type=\"widget\" data-widget_type=\"heading.default\">\n\t\t\t\t<div class=\"elementor-widget-container\">\n\t\t\t<h2 class=\"elementor-heading-title elementor-size-default\">Entretien Initial<\/h2>\t\t<\/div>\n\t\t\t\t<\/div>\n\t\t\t\t<\/div>\n\t\t<div class=\"elementor-element elementor-element-7f060af e-con-full e-flex e-con e-child\" data-id=\"7f060af\" data-element_type=\"container\">\n\t\t\t\t<div class=\"elementor-element elementor-element-2137540 elementor-widget elementor-widget-text-editor\" data-id=\"2137540\" data-element_type=\"widget\" data-widget_type=\"text-editor.default\">\n\t\t\t\t<div class=\"elementor-widget-container\">\n\t\t\t\t\t\t\t<p>Une premi\u00e8re rencontre avec les parents et l\u2019enfant permet d\u2019\u00e9voquer l\u2019histoire de vie de l\u2019enfant depuis la grossesse jusqu&#8217;\u00e0 aujourd&#8217;hui.<\/p>\t\t\t\t\t\t<\/div>\n\t\t\t\t<\/div>\n\t\t\t\t<\/div>\n\t\t<div class=\"elementor-element elementor-element-957c004 e-con-full e-flex e-con e-child\" data-id=\"957c004\" data-element_type=\"container\">\n\t\t\t\t<div class=\"elementor-element elementor-element-b6e7a09 elementor-widget elementor-widget-heading\" data-id=\"b6e7a09\" data-element_type=\"widget\" data-widget_type=\"heading.default\">\n\t\t\t\t<div class=\"elementor-widget-container\">\n\t\t\t<h2 class=\"elementor-heading-title elementor-size-default\">Les s\u00e9ances<\/h2>\t\t<\/div>\n\t\t\t\t<\/div>\n\t\t<div class=\"elementor-element elementor-element-f1ee040 e-con-full e-flex e-con e-child\" data-id=\"f1ee040\" data-element_type=\"container\">\n\t\t\t\t<div class=\"elementor-element elementor-element-3b849bf elementor-widget elementor-widget-text-editor\" data-id=\"3b849bf\" data-element_type=\"widget\" data-widget_type=\"text-editor.default\">\n\t\t\t\t<div class=\"elementor-widget-container\">\n\t\t\t\t\t\t\t<p><span style=\"color: #7f8391; font-family: Roboto;\"><span style=\"font-size: 15px; letter-spacing: normal;\">Toutes les 6 \u00e0 8 semaines, une rencontre avec l&#8217;enfant et les parents permet d&#8217;\u00e9changer sur les semaines \u00e9coul\u00e9es et de refaire un bilan corporel et sensoriel afin de proposer de nouveaux exercices \u00e0 effectuer \u00e0 la maison.<\/span><\/span><\/p><p>Lors de ces s\u00e9ances de suivi un audiogramme peut \u00eatre proposer pour r\u00e9\u00e9duquer l&#8217;oreille gr\u00e2ce \u00e0 la musique.\u00a0<\/p><div>\u00a0<\/div>\t\t\t\t\t\t<\/div>\n\t\t\t\t<\/div>\n\t\t\t\t<\/div>\n\t\t\t\t<\/div>\n\t\t\t\t<\/div>\n\t\t<div class=\"elementor-element elementor-element-8c9799a e-con-full e-flex e-con e-child\" data-id=\"8c9799a\" data-element_type=\"container\">\n\t\t<div class=\"elementor-element elementor-element-256fff1 e-con-full e-flex e-con e-child\" data-id=\"256fff1\" data-element_type=\"container\">\n\t\t\t\t<div class=\"elementor-element elementor-element-486351c elementor-widget elementor-widget-heading\" data-id=\"486351c\" data-element_type=\"widget\" data-widget_type=\"heading.default\">\n\t\t\t\t<div class=\"elementor-widget-container\">\n\t\t\t<h2 class=\"elementor-heading-title elementor-size-default\">Bilan sensoriel et moteur<\/h2>\t\t<\/div>\n\t\t\t\t<\/div>\n\t\t\t\t<\/div>\n\t\t<div class=\"elementor-element elementor-element-6f98640 e-con-full e-flex e-con e-child\" data-id=\"6f98640\" data-element_type=\"container\">\n\t\t\t\t<div class=\"elementor-element elementor-element-9a637d7 elementor-widget elementor-widget-text-editor\" data-id=\"9a637d7\" data-element_type=\"widget\" data-widget_type=\"text-editor.default\">\n\t\t\t\t<div class=\"elementor-widget-container\">\n\t\t\t\t\t\t\t<p>Un bilan complet ludique et moteur, permet de d\u00e9celer les r\u00e9flexes primitifs encore pr\u00e9sents, de voir le d\u00e9veloppement de l\u2019\u00e9quilibre, du syst\u00e8me visuel, auditif et sensoriel de l\u2019enfant. Des premiers mouvements de r\u00e9\u00e9quilibrage sont propos\u00e9s.\u00a0<\/p>\t\t\t\t\t\t<\/div>\n\t\t\t\t<\/div>\n\t\t<div class=\"elementor-element elementor-element-55c0357 e-con-full e-flex e-con e-child\" data-id=\"55c0357\" data-element_type=\"container\">\n\t\t\t\t<div class=\"elementor-element elementor-element-2fdd6d0 elementor-widget elementor-widget-heading\" data-id=\"2fdd6d0\" data-element_type=\"widget\" data-widget_type=\"heading.default\">\n\t\t\t\t<div class=\"elementor-widget-container\">\n\t\t\t<h2 class=\"elementor-heading-title elementor-size-default\">Les mouvements \u00e0 la maison<\/h2>\t\t<\/div>\n\t\t\t\t<\/div>\n\t\t<div class=\"elementor-element elementor-element-7b46c42 e-con-full e-flex e-con e-child\" data-id=\"7b46c42\" data-element_type=\"container\">\n\t\t\t\t<div class=\"elementor-element elementor-element-94f9b30 elementor-widget elementor-widget-text-editor\" data-id=\"94f9b30\" data-element_type=\"widget\" data-widget_type=\"text-editor.default\">\n\t\t\t\t<div class=\"elementor-widget-container\">\n\t\t\t\t\t\t\t<p>Ce sont des stimulations sensorielles et motrices quotidiennes qui vont r\u00e9pondre aux besoins du corps de l&#8217;enfant et permettre aux r\u00e9flexes de finir de r\u00e9aliser leur \u00e9volution. Ces petits mouvements sont effectu\u00e9s \u00e0 la maison avec un des parents qui guide, encourage et accompagne son enfant. Ce temps de 10 minutes par jour doit s&#8217;int\u00e9grer au\u00a0<span style=\"text-align: var(--text-align); font-size: 15px; letter-spacing: normal;\"><span style=\"color: #7f8391; font-family: Roboto;\">rythme de la famille. L&#8217;enfant pourra retrouver son plein potentiel et aura une meilleure ma\u00eetrise de son corps et de ses \u00e9motions pour entrer dans les apprentissages ais\u00e9ment<\/span><\/span><span style=\"letter-spacing: 0px; text-align: var(--text-align);\">.\u00a0<\/span><\/p><div>\u00a0<\/div>\t\t\t\t\t\t<\/div>\n\t\t\t\t<\/div>\n\t\t\t\t<\/div>\n\t\t\t\t<\/div>\n\t\t\t\t<\/div>\n\t\t\t\t<\/div>\n\t\t<div class=\"elementor-element elementor-element-cc1e8f0 e-con-full e-flex e-con e-child\" data-id=\"cc1e8f0\" data-element_type=\"container\">\n\t\t\t\t<\/div>\n\t\t<div class=\"elementor-element elementor-element-481ee03 e-con-full e-flex e-con e-child\" data-id=\"481ee03\" data-element_type=\"container\">\n\t\t\t\t<\/div>\n\t\t<div class=\"elementor-element elementor-element-65377d3 e-con-full e-flex e-con e-child\" data-id=\"65377d3\" data-element_type=\"container\">\n\t\t\t\t<\/div>\n\t\t\t\t\t<\/div>\n\t\t\t\t<\/div>\n\t\t\t\t<\/div>\n\t\t","protected":false},"excerpt":{"rendered":"<p>&#8211; Envoi et \u00e9tude du questionnaire : offert &#8211; Premier entretien (1 heure) : 30\u20ac &#8211; Bilan complet et rapport : 90\u20ac &#8211; Rendez-vous de pr\u00e9sentation du rapport avec premiers mouvements \u00e0 faire \u00e0 la maison : 30\u20ac &#8211; Rendez-vous de suivi toutes les 6 \u00e0 8 semaines : 30\u20ac Entretien Initial Une premi\u00e8re rencontre &hellip; <\/p>\n<p class=\"link-more\"><a href=\"https:\/\/rsem-pour-grandir.fr\/?page_id=77\" class=\"more-link\">Continue reading<span class=\"screen-reader-text\"> &#8220;Tarif&#8221;<\/span><\/a><\/p>\n","protected":false},"author":1,"featured_media":0,"parent":0,"menu_order":0,"comment_status":"closed","ping_status":"closed","template":"","meta":{"_regular_price":[],"currency_symbol":[],"om_disable_all_campaigns":false,"_monsterinsights_skip_tracking":false,"_monsterinsights_sitenote_active":false,"_monsterinsights_sitenote_note":"","_monsterinsights_sitenote_category":0,"footnotes":""},"class_list":["post-77","page","type-page","status-publish","hentry"],"aioseo_notices":[],"post_slider_layout_featured_media_urls":{"thumbnail":"","post_slider_layout_landscape_large":"","post_slider_layout_portrait_large":"","post_slider_layout_square_large":"","post_slider_layout_landscape":"","post_slider_layout_portrait":"","post_slider_layout_square":"","full":""},"_links":{"self":[{"href":"https:\/\/rsem-pour-grandir.fr\/index.php?rest_route=\/wp\/v2\/pages\/77"}],"collection":[{"href":"https:\/\/rsem-pour-grandir.fr\/index.php?rest_route=\/wp\/v2\/pages"}],"about":[{"href":"https:\/\/rsem-pour-grandir.fr\/index.php?rest_route=\/wp\/v2\/types\/page"}],"author":[{"embeddable":true,"href":"https:\/\/rsem-pour-grandir.fr\/index.php?rest_route=\/wp\/v2\/users\/1"}],"replies":[{"embeddable":true,"href":"https:\/\/rsem-pour-grandir.fr\/index.php?rest_route=%2Fwp%2Fv2%2Fcomments&post=77"}],"version-history":[{"count":23,"href":"https:\/\/rsem-pour-grandir.fr\/index.php?rest_route=\/wp\/v2\/pages\/77\/revisions"}],"predecessor-version":[{"id":414,"href":"https:\/\/rsem-pour-grandir.fr\/index.php?rest_route=\/wp\/v2\/pages\/77\/revisions\/414"}],"wp:attachment":[{"href":"https:\/\/rsem-pour-grandir.fr\/index.php?rest_route=%2Fwp%2Fv2%2Fmedia&parent=77"}],"curies":[{"name":"wp","href":"https:\/\/api.w.org\/{rel}","templated":true}]}}