{"id":75,"date":"2024-08-28T17:37:58","date_gmt":"2024-08-28T15:37:58","guid":{"rendered":"https:\/\/rsem-pour-grandir.fr\/?page_id=75"},"modified":"2024-09-12T15:10:05","modified_gmt":"2024-09-12T13:10:05","slug":"johansen-ias","status":"publish","type":"page","link":"https:\/\/rsem-pour-grandir.fr\/?page_id=75","title":{"rendered":"Johansen-IAS"},"content":{"rendered":"\t\t<div data-elementor-type=\"wp-page\" data-elementor-id=\"75\" class=\"elementor elementor-75\">\n\t\t\t\t<div class=\"elementor-element elementor-element-c0e15e0 e-flex e-con-boxed e-con e-parent\" data-id=\"c0e15e0\" data-element_type=\"container\">\n\t\t\t\t\t<div class=\"e-con-inner\">\n\t\t<div class=\"elementor-element elementor-element-9881c87 e-con-full e-flex e-con e-child\" data-id=\"9881c87\" data-element_type=\"container\">\n\t\t\t\t<div class=\"elementor-element elementor-element-b5df6ee elementor-widget elementor-widget-text-editor\" data-id=\"b5df6ee\" data-element_type=\"widget\" data-widget_type=\"text-editor.default\">\n\t\t\t\t<div class=\"elementor-widget-container\">\n\t\t\t\t\t\t\t<p>Les troubles du langage dont souffrent beaucoup d\u2019enfants sont souvent dus au traitement m\u00eame du langage dans le cerveau. Ils ont des difficult\u00e9s pour apprendre, organiser, stocker, r\u00e9cup\u00e9rer, ajouter \u00e0 l\u2019information existante et exprimer ce qu\u2019ils veulent dire lorsqu\u2019ils en ont besoin. Ces troubles se manifestent plus particuli\u00e8rement en lecture, en orthographe et dans la compr\u00e9hension orale du langage. Ils peuvent avoir diverses r\u00e9percussions sur les apprentissages scolaires. Les chercheurs pensent que ces d\u00e9ficiences dans le traitement du langage par le cerveau pourraient \u00eatre \u00e9troitement li\u00e9es\u00a0 \u00e0 la mani\u00e8re dont les enfants per\u00e7oivent les sons.<\/p><p>\u00a0<\/p>\t\t\t\t\t\t<\/div>\n\t\t\t\t<\/div>\n\t\t\t\t<div class=\"elementor-element elementor-element-0bb60b6 elementor-widget elementor-widget-image\" data-id=\"0bb60b6\" data-element_type=\"widget\" data-widget_type=\"image.default\">\n\t\t\t\t<div class=\"elementor-widget-container\">\n\t\t\t\t\t\t\t\t\t\t\t\t\t<img fetchpriority=\"high\" decoding=\"async\" width=\"640\" height=\"460\" src=\"https:\/\/rsem-pour-grandir.fr\/wp-content\/uploads\/2024\/09\/traitement-de-linformation-auditive.png\" class=\"attachment-large size-large wp-image-355\" alt=\"\" \/>\t\t\t\t\t\t\t\t\t\t\t\t\t<\/div>\n\t\t\t\t<\/div>\n\t\t\t\t<\/div>\n\t\t<div class=\"elementor-element elementor-element-1366309 e-con-full e-flex e-con e-child\" data-id=\"1366309\" data-element_type=\"container\">\n\t\t\t\t<div class=\"elementor-element elementor-element-8dbbe9e elementor-widget elementor-widget-text-editor\" data-id=\"8dbbe9e\" data-element_type=\"widget\" data-widget_type=\"text-editor.default\">\n\t\t\t\t<div class=\"elementor-widget-container\">\n\t\t\t\t\t\t\t<p>Bien que nous ne connaissions pas encore toutes les causes de ces probl\u00e8mes li\u00e9s \u00e0 la parole et \u00e0 la mise en place du langage et de l\u2019expression , nous sommes en mesure d\u2019en appr\u00e9hender les difficult\u00e9s sous-jacentes.<\/p><p>Les centres du langage sont situ\u00e9s dans l\u2019h\u00e9misph\u00e8re gauche de presque tous les droitiers. Il en est de\u00a0 m\u00eame que pour la majorit\u00e9 des gauchers. Une oreille droite dominante permet \u00e0 l\u2019information langagi\u00e8re d\u2019atteindre de fa\u00e7on plus rapide et plus efficace la zone de traitement du langage situ\u00e9e dans l\u2019h\u00e9misph\u00e8re gauche. L\u2019oreille gauche ne joue qu\u2019un r\u00f4le secondaire. L\u2019absence de dominance, une dominance changeante ou bien encore une dominance de l\u2019oreille gauche peuvent nuire \u00e0 l\u2019apprentissage du langage et \u00e0 son organisation dans cette zone du cerveau. En cons\u00e9quence,\u00a0 les sons \u00e0 l\u2019int\u00e9rieur des mots, les mots ou m\u00eame les phrases enti\u00e8res peuvent \u00eatre soit m\u00e9lang\u00e9s, soit dans le d\u00e9sordre. Cela peut affecter la compr\u00e9hension et l\u2019expression orales ainsi que l\u2019orthographe. L\u2019enfant pr\u00e9sentant des difficult\u00e9s langagi\u00e8res devra travailler dur pour comprendre ce qu\u2019on lui dit et il \u00e9prouvera des difficult\u00e9s pour rester concentr\u00e9 en situation d\u2019apprentissage.<\/p>\t\t\t\t\t\t<\/div>\n\t\t\t\t<\/div>\n\t\t\t\t<\/div>\n\t\t<div class=\"elementor-element elementor-element-1c70e12 e-con-full e-flex e-con e-child\" data-id=\"1c70e12\" data-element_type=\"container\">\n\t\t\t\t<div class=\"elementor-element elementor-element-c51ede8 elementor-widget elementor-widget-heading\" data-id=\"c51ede8\" data-element_type=\"widget\" data-widget_type=\"heading.default\">\n\t\t\t\t<div class=\"elementor-widget-container\">\n\t\t\t<h2 class=\"elementor-heading-title elementor-size-default\">Comment la  Johansen-IAS peut faire la diff\u00e9rence.\n\n<\/h2>\t\t<\/div>\n\t\t\t\t<\/div>\n\t\t\t\t<div class=\"elementor-element elementor-element-6fb7ce2 elementor-widget elementor-widget-text-editor\" data-id=\"6fb7ce2\" data-element_type=\"widget\" data-widget_type=\"text-editor.default\">\n\t\t\t\t<div class=\"elementor-widget-container\">\n\t\t\t\t\t\t\t<p><span style=\"letter-spacing: 0px; text-align: var(--text-align);\">La Johansen-IAS a \u00e9t\u00e9 d\u00e9velopp\u00e9e pour stimuler les circuits neuronaux jusqu\u2019aux centres du langage situ\u00e9s dans le cerveau. Elle agit directement sur les circuits entre l\u2019h\u00e9misph\u00e8re droit et l\u2019h\u00e9misph\u00e8re gauche du cerveau l\u00e0 o\u00f9 les informations auditives arrivent en premier, avant d\u2019\u00eatre transf\u00e9r\u00e9es vers les autres aires de traitement. Diverses techniques d\u2019imagerie c\u00e9r\u00e9brale ont permis de d\u00e9montrer que cette stimulation provoque une augmentation du nombre de connecteurs dans les structures des dendrites et des synapses. Les connexions \u00e0 l\u2019int\u00e9rieur des centres du langage s\u2019effectuent plus rapidement permettant ainsi, un traitement\u00a0 du langage plus efficace. La concentration et la compr\u00e9hension s\u2019am\u00e9liorent car l\u2019information est comprise plus rapidement et ne va plus submerger l\u2019enfant comme\u00a0\u00a0 cela \u00e9tait le cas auparavant. Un plus grand nombre d\u2019informations peut \u00eatre trait\u00e9 en m\u00eame temps. On observe souvent une am\u00e9lioration des comp\u00e9tences en lecture et en orthographe alors que l\u2019enfant accro\u00eet sa capacit\u00e9 \u00e0 analyser les sons des mots.<\/span><\/p><p>\u00a0<\/p>\t\t\t\t\t\t<\/div>\n\t\t\t\t<\/div>\n\t\t\t\t<\/div>\n\t\t<div class=\"elementor-element elementor-element-f9cf2c5 e-con-full e-flex e-con e-child\" data-id=\"f9cf2c5\" data-element_type=\"container\">\n\t\t\t\t<div class=\"elementor-element elementor-element-484aef6 elementor-widget elementor-widget-video\" data-id=\"484aef6\" data-element_type=\"widget\" data-settings=\"{&quot;video_type&quot;:&quot;hosted&quot;,&quot;autoplay&quot;:&quot;yes&quot;,&quot;controls&quot;:&quot;yes&quot;}\" data-widget_type=\"video.default\">\n\t\t\t\t<div class=\"elementor-widget-container\">\n\t\t\t\t\t<div class=\"e-hosted-video elementor-wrapper elementor-open-inline\">\n\t\t\t\t\t<video class=\"elementor-video\" src=\"https:\/\/rsem-pour-grandir.fr\/wp-content\/uploads\/2024\/09\/JIAS-Francais.mp4\" autoplay=\"\" controls=\"\" controlsList=\"nodownload\"><\/video>\n\t\t\t\t<\/div>\n\t\t\t\t<\/div>\n\t\t\t\t<\/div>\n\t\t\t\t<div class=\"elementor-element elementor-element-409c279 elementor-widget elementor-widget-heading\" data-id=\"409c279\" data-element_type=\"widget\" data-widget_type=\"heading.default\">\n\t\t\t\t<div class=\"elementor-widget-container\">\n\t\t\t<h2 class=\"elementor-heading-title elementor-size-default\">En quoi consiste la Johansen\u2013IAS ?<\/h2>\t\t<\/div>\n\t\t\t\t<\/div>\n\t\t\t\t<div class=\"elementor-element elementor-element-9754363 elementor-widget elementor-widget-text-editor\" data-id=\"9754363\" data-element_type=\"widget\" data-widget_type=\"text-editor.default\">\n\t\t\t\t<div class=\"elementor-widget-container\">\n\t\t\t\t\t\t\t<p>La Johansen-IAS s\u2019appuie sur\u00a0 l\u2019\u00e9coute quotidienne de 10 \u00e0 15 minutes de musique sp\u00e9cialement enregistr\u00e9e sur CD ou t\u00e9l\u00e9chargement\u00a0 sur une dur\u00e9e de 9 \u00e0 16 mois. Le patient utilise un lecteur de CD \/ t\u00e9l\u00e9phone mobile \/ tablette et un casque d\u2019\u00e9coute pr\u00e9sentant certaines modalit\u00e9s (une liste des diff\u00e9rents mod\u00e8les est mise \u00e0 disposition). L\u2019enregistrement de la musique est effectu\u00e9 selon les m\u00e9thodes pr\u00e9conis\u00e9es par le\u00a0 Dr Kjeld Johansen. Le choix de la musique et celui de la personnalisation des fr\u00e9quences (rehauss\u00e9es ou abaiss\u00e9es) sont effectu\u00e9s en fonction des r\u00e9sultats aux tests auditifs (audiogrammes). Ces examens auditifs successifs (environ 6 \u00e0 8) sont r\u00e9alis\u00e9s pendant toute la dur\u00e9e de la th\u00e9rapie.\u00a0A l\u2019issue de chaque audiogramme, nouvelle musique grav\u00e9 en fonction des r\u00e9sultats obtenus, est remis \u00e0 la\u00a0 personne qui suit le programme. En revanche, l\u2019\u00e9valuation de l\u2019audition (test binaural) et celle du traitement du langage (test d\u2019\u00e9coute dichotique) ne sont r\u00e9alis\u00e9es que deux fois, au d\u00e9but puis \u00e0 la fin du programme th\u00e9rapeutique.<\/p>\t\t\t\t\t\t<\/div>\n\t\t\t\t<\/div>\n\t\t\t\t<div class=\"elementor-element elementor-element-d2182fa elementor-widget elementor-widget-heading\" data-id=\"d2182fa\" data-element_type=\"widget\" data-widget_type=\"heading.default\">\n\t\t\t\t<div class=\"elementor-widget-container\">\n\t\t\t<h2 class=\"elementor-heading-title elementor-size-default\">B\u00e9n\u00e9fices de la Johansen-IAS (chez les enfants).<\/h2>\t\t<\/div>\n\t\t\t\t<\/div>\n\t\t\t\t<\/div>\n\t\t<div class=\"elementor-element elementor-element-2d8deaf e-con-full e-flex e-con e-child\" data-id=\"2d8deaf\" data-element_type=\"container\">\n\t\t\t\t<div class=\"elementor-element elementor-element-60d5bac elementor-widget elementor-widget-text-editor\" data-id=\"60d5bac\" data-element_type=\"widget\" data-widget_type=\"text-editor.default\">\n\t\t\t\t<div class=\"elementor-widget-container\">\n\t\t\t\t\t\t\t<p>Les enfants pour lesquels la Johansen-IAS s\u2019est av\u00e9r\u00e9e efficace, ont d\u00e9montr\u00e9 des progr\u00e8s dans les domaines suivants&nbsp;:<\/p>\n<ul>\n<li>Lecture<\/li>\n<li>Orthographe<\/li>\n<li>Parole<\/li>\n<li>\u00c9criture<\/li>\n<li>Vocabulaire<\/li>\n<li>Compr\u00e9hension et m\u00e9morisation des informations et des consignes<\/li>\n<li>Concentration<\/li>\n<li>Confiance en soi et estime de soi<\/li>\n<li>Traitement de l\u2019information au sein d\u2019environnements bruyants<\/li>\n<li>M\u00e9moire.<\/li>\n<\/ul>\n<p>Ainsi, la Johansen\u2013IAS permet aux personnes pr\u00e9sentant&nbsp; des troubles du langage &#8211; enfants, adolescents ou adultes \u2013 d\u2019am\u00e9liorer le traitement des sons qui composent le langage, traitement essentiel dans le d\u00e9veloppement du langage, et donc, de l\u2019expression, de la lecture et de l\u2019orthographe.<\/p>\n<p>La Johansen-IAS&nbsp; ne remplace pas l\u2019aide &#8211; d\u00e9j\u00e0 existante ou recommand\u00e9e &#8211; de sp\u00e9cialistes. Toutefois, forts de notre exp\u00e9rience, nous pouvons affirmer que l\u2019apprentissage devient plus facile et plus efficace pour l\u2019enfant qui en b\u00e9n\u00e9ficie.<\/p>\n<p>La Johansen-IAS n\u2019est pas la r\u00e9ponse magique \u00e0 tous les probl\u00e8mes des enfants. Pour certains d\u2019entre eux elle ne fonctionne pas, m\u00eame si d\u2019apr\u00e8s nos constatations, ces derniers sont peu nombreux. Dans la majorit\u00e9 des cas, les enfants ayant suivi ce programme ont b\u00e9n\u00e9fici\u00e9 d\u2019importants progr\u00e8s.<\/p>\n<p>Les avantages de la Johansen-IAS sont durables&nbsp;: ils perdurent apr\u00e8s la fin du traitement. Les \u00e9tudes r\u00e9alis\u00e9es dans diff\u00e9rents pays t\u00e9moignent des bons r\u00e9sultats enregistr\u00e9s par la Johansen-IAS.<\/p>\t\t\t\t\t\t<\/div>\n\t\t\t\t<\/div>\n\t\t\t\t<\/div>\n\t\t\t\t\t<\/div>\n\t\t\t\t<\/div>\n\t\t\t\t<\/div>\n\t\t","protected":false},"excerpt":{"rendered":"<p>Les troubles du langage dont souffrent beaucoup d\u2019enfants sont souvent dus au traitement m\u00eame du langage dans le cerveau. Ils ont des difficult\u00e9s pour apprendre, organiser, stocker, r\u00e9cup\u00e9rer, ajouter \u00e0 l\u2019information existante et exprimer ce qu\u2019ils veulent dire lorsqu\u2019ils en ont besoin. Ces troubles se manifestent plus particuli\u00e8rement en lecture, en orthographe et dans la &hellip; <\/p>\n<p class=\"link-more\"><a href=\"https:\/\/rsem-pour-grandir.fr\/?page_id=75\" class=\"more-link\">Continue reading<span class=\"screen-reader-text\"> &#8220;Johansen-IAS&#8221;<\/span><\/a><\/p>\n","protected":false},"author":1,"featured_media":0,"parent":0,"menu_order":0,"comment_status":"closed","ping_status":"closed","template":"","meta":{"_regular_price":[],"currency_symbol":[],"om_disable_all_campaigns":false,"_monsterinsights_skip_tracking":false,"_monsterinsights_sitenote_active":false,"_monsterinsights_sitenote_note":"","_monsterinsights_sitenote_category":0,"footnotes":""},"class_list":["post-75","page","type-page","status-publish","hentry"],"aioseo_notices":[],"post_slider_layout_featured_media_urls":{"thumbnail":"","post_slider_layout_landscape_large":"","post_slider_layout_portrait_large":"","post_slider_layout_square_large":"","post_slider_layout_landscape":"","post_slider_layout_portrait":"","post_slider_layout_square":"","full":""},"_links":{"self":[{"href":"https:\/\/rsem-pour-grandir.fr\/index.php?rest_route=\/wp\/v2\/pages\/75"}],"collection":[{"href":"https:\/\/rsem-pour-grandir.fr\/index.php?rest_route=\/wp\/v2\/pages"}],"about":[{"href":"https:\/\/rsem-pour-grandir.fr\/index.php?rest_route=\/wp\/v2\/types\/page"}],"author":[{"embeddable":true,"href":"https:\/\/rsem-pour-grandir.fr\/index.php?rest_route=\/wp\/v2\/users\/1"}],"replies":[{"embeddable":true,"href":"https:\/\/rsem-pour-grandir.fr\/index.php?rest_route=%2Fwp%2Fv2%2Fcomments&post=75"}],"version-history":[{"count":4,"href":"https:\/\/rsem-pour-grandir.fr\/index.php?rest_route=\/wp\/v2\/pages\/75\/revisions"}],"predecessor-version":[{"id":358,"href":"https:\/\/rsem-pour-grandir.fr\/index.php?rest_route=\/wp\/v2\/pages\/75\/revisions\/358"}],"wp:attachment":[{"href":"https:\/\/rsem-pour-grandir.fr\/index.php?rest_route=%2Fwp%2Fv2%2Fmedia&parent=75"}],"curies":[{"name":"wp","href":"https:\/\/api.w.org\/{rel}","templated":true}]}}