{"id":29,"date":"2024-07-29T15:28:24","date_gmt":"2024-07-29T13:28:24","guid":{"rendered":"https:\/\/rsem-pour-grandir.fr\/?page_id=29"},"modified":"2024-09-19T16:42:12","modified_gmt":"2024-09-19T14:42:12","slug":"la-methode-rsem","status":"publish","type":"page","link":"https:\/\/rsem-pour-grandir.fr\/?page_id=29","title":{"rendered":"RSEM"},"content":{"rendered":"\t\t<div data-elementor-type=\"wp-page\" data-elementor-id=\"29\" class=\"elementor elementor-29\">\n\t\t\t\t<div class=\"elementor-element elementor-element-615c223 e-flex e-con-boxed e-con e-parent\" data-id=\"615c223\" data-element_type=\"container\">\n\t\t\t\t\t<div class=\"e-con-inner\">\n\t\t\t\t<div class=\"elementor-element elementor-element-fffd868 elementor-widget elementor-widget-text-editor\" data-id=\"fffd868\" data-element_type=\"widget\" data-widget_type=\"text-editor.default\">\n\t\t\t\t<div class=\"elementor-widget-container\">\n\t\t\t\t\t\t\t<p style=\"margin-bottom: 11px; color: #5a5a5a; font-family: 'Open Sans'; font-size: 14px; font-style: normal; font-variant-ligatures: normal; font-variant-caps: normal; font-weight: 400; letter-spacing: normal; background-color: #fafafa;\"><span style=\"font-size: revert;\"><span style=\"vertical-align: inherit;\"><span style=\"vertical-align: inherit;\">Le RSEM est une m\u00e9thode neuro-d\u00e9veloppementale<\/span><\/span><\/span><span style=\"color: #5a5a5a; font-family: 'Open Sans'; font-size: 14px; font-style: normal; font-variant-ligatures: normal; font-variant-caps: normal; font-weight: 400; letter-spacing: normal; text-align: var(--text-align);\">\u00a0qui repose sur l&#8217;id\u00e9e que les difficult\u00e9s d&#8217;apprentissage et de comportement surviennent, entre autres, en raison de la pr\u00e9sence de r\u00e9flexes primitifs. En effectuant les bons mouvements, ces r\u00e9flexes peuvent encore se d\u00e9velopper. Lorsque les r\u00e9flexes primitifs ont pu remplir leurs fonctions, ils se saturent naturellement et laissent la place \u00e0 des sch\u00e9mas de mouvement plus matures.<\/span><\/p><p style=\"margin-bottom: 11px; color: #5a5a5a; font-family: 'Open Sans'; font-size: 14px; font-style: normal; font-variant-ligatures: normal; font-variant-caps: normal; font-weight: 400; letter-spacing: normal; background-color: #fafafa;\"><span style=\"vertical-align: inherit;\">Nous ne posons pas de diagnostics, mais nous nous laissons guider par ce que nous pouvons d\u00e9terminer objectivement gr\u00e2ce \u00e0 un bilan moteur, entre autres, de l&#8217;\u00e9quilibre, de la coordination, de la motricit\u00e9 fine et de l&#8217;inhibition incompl\u00e8te des r\u00e9flexes primitif.\u00a0<\/span><\/p><p style=\"margin-bottom: 11px; color: #5a5a5a; font-family: 'Open Sans'; font-size: 14px; font-style: normal; font-variant-ligatures: normal; font-variant-caps: normal; font-weight: 400; letter-spacing: normal; background-color: #fafafa;\"><span style=\"vertical-align: inherit;\">Nous \u00e9laborons un programme de mouvement personnalis\u00e9 qui doit \u00eatre r\u00e9alis\u00e9 quotidiennement \u00e0 la maison, avec l&#8217;aide du ou des parents. Il s\u2019agit d\u2019exercices tr\u00e8s simples et r\u00e9p\u00e9titifs qui se veulent lent et doux.<\/span><\/p>\t\t\t\t\t\t<\/div>\n\t\t\t\t<\/div>\n\t\t\t\t\t<\/div>\n\t\t\t\t<\/div>\n\t\t<div class=\"elementor-element elementor-element-7dedc52 e-flex e-con-boxed e-con e-parent\" data-id=\"7dedc52\" data-element_type=\"container\">\n\t\t\t\t\t<div class=\"e-con-inner\">\n\t\t<div class=\"elementor-element elementor-element-4b72fcd e-con-full e-flex e-con e-child\" data-id=\"4b72fcd\" data-element_type=\"container\">\n\t\t\t\t<div class=\"elementor-element elementor-element-0b8c71f elementor-widget elementor-widget-video\" data-id=\"0b8c71f\" data-element_type=\"widget\" data-settings=\"{&quot;video_type&quot;:&quot;hosted&quot;,&quot;controls&quot;:&quot;yes&quot;}\" data-widget_type=\"video.default\">\n\t\t\t\t<div class=\"elementor-widget-container\">\n\t\t\t\t\t<div class=\"e-hosted-video elementor-wrapper elementor-open-inline\">\n\t\t\t\t\t<video class=\"elementor-video\" src=\"https:\/\/rsem-pour-grandir.fr\/wp-content\/uploads\/2024\/09\/RSEM-Presa-video-generique.mp4\" controls=\"\" preload=\"metadata\" controlsList=\"nodownload\"><\/video>\n\t\t\t\t<\/div>\n\t\t\t\t<\/div>\n\t\t\t\t<\/div>\n\t\t\t\t<\/div>\n\t\t<div class=\"elementor-element elementor-element-3377d60 e-con-full e-flex e-con e-child\" data-id=\"3377d60\" data-element_type=\"container\">\n\t\t<div class=\"elementor-element elementor-element-dc0dfd4 e-con-full e-flex e-con e-child\" data-id=\"dc0dfd4\" data-element_type=\"container\">\n\t\t\t\t<div class=\"elementor-element elementor-element-aae1423 elementor-widget elementor-widget-heading\" data-id=\"aae1423\" data-element_type=\"widget\" data-widget_type=\"heading.default\">\n\t\t\t\t<div class=\"elementor-widget-container\">\n\t\t\t<h2 class=\"elementor-heading-title elementor-size-default\">Bouger d'abord pour apprendre apr\u00e8s...<\/h2>\t\t<\/div>\n\t\t\t\t<\/div>\n\t\t\t\t<\/div>\n\t\t<div class=\"elementor-element elementor-element-fa5d0e2 e-con-full e-flex e-con e-child\" data-id=\"fa5d0e2\" data-element_type=\"container\">\n\t\t\t\t<div class=\"elementor-element elementor-element-ae02631 elementor-widget elementor-widget-text-editor\" data-id=\"ae02631\" data-element_type=\"widget\" data-widget_type=\"text-editor.default\">\n\t\t\t\t<div class=\"elementor-widget-container\">\n\t\t\t\t\t\t\t<p>Tout d\u00e9coule du \u00ab mouvement \u00bb. Une maman est soulag\u00e9e lorsqu\u2019elle sent le b\u00e9b\u00e9 bouger dans son ventre. Nous encourageons nos tout-petits \u00e0 saisir, rouler et explorer. Un tout-petit marche, joue et devient chaque jour plus intelligent. Tous ces mouvements correspondent au bon d\u00e9veloppement des r\u00e9flexes primitifs. Mais une fois \u00e0 l\u2019\u00e9cole, tout change \u00e0 nouveau. Nous r\u00e9compensons les enfants lorsqu&#8217;ils peuvent rester assis et que l&#8217;apprentissage ne se fait plus avec les mains et les pieds&#8230; Cependant, est ce que tous les enfants atteignent la m\u00eame maturit\u00e9 motrice au m\u00eame \u00e2ge ? Certains enfants on besoin de plus de temps et de plus de mouvement tout d\u00e9pend de la nature de chaque enfant. Le mouvement nourrit leur jeune cerveau, les rend alertes et r\u00e9silients.<\/p>\t\t\t\t\t\t<\/div>\n\t\t\t\t<\/div>\n\t\t\t\t<\/div>\n\t\t\t\t<\/div>\n\t\t\t\t\t<\/div>\n\t\t\t\t<\/div>\n\t\t<div class=\"elementor-element elementor-element-a28c0f6 e-grid e-con-boxed e-con e-parent\" data-id=\"a28c0f6\" data-element_type=\"container\">\n\t\t\t\t\t<div class=\"e-con-inner\">\n\t\t\t\t<div class=\"elementor-element elementor-element-36475a9 elementor-widget elementor-widget-text-editor\" data-id=\"36475a9\" data-element_type=\"widget\" data-widget_type=\"text-editor.default\">\n\t\t\t\t<div class=\"elementor-widget-container\">\n\t\t\t\t\t\t\t<p>La m\u00e9thode RSEM est une pratique douce utilisant des mouvements du corps pour reprendre les bases du d\u00e9veloppement sensoriel et moteur. Cela a pour effet de transformer les r\u00e9flexes primitifs. Le RSEM, bas\u00e9 sur des stimulations sensorielles et des mouvements pr\u00e9cis, donne une nouvelle chance au syst\u00e8me nerveux de repasser par ces \u00e9tapes de d\u00e9veloppement primaire.<\/p>\n<p>1 &#8211; Questionnaire de d\u00e9pistage des signes<br>Remplissez le questionnaire et renvoyez-le par mail \u00e0<a href=\"mailto:rsem.pour.grandir@gmail.com\"> rsem.pour.grandir@gmail.com<\/a><\/p>\n<p>2 &#8211; Entretien initial<br>Un rendez-vous d&#8217;une heure au cours duquel nous discuterons des difficult\u00e9s que pr\u00e9sente votre enfant, de son histoire, de son d\u00e9veloppement et de la pertinence de la m\u00e9thode pour lui.<\/p>\n<p>3 &#8211; Bilan sensoriel et moteur<br>Evaluation de la maturit\u00e9 motrice, de la coordination globale, des r\u00e9flexes primitifs, de la lat\u00e9ralit\u00e9, des mouvements oculaires et de la perception visuelle. (\u00e9valuation audiom\u00e9trique, si n\u00e9cessaire)<\/p>\n<p>S\u00e9lection et d\u00e9monstration d&#8217;exercices \u00e0 utiliser \u00e0 la maison.<\/p>\n<p>4 &#8211; Les mouvements \u00e0 la maison <br>Ce sont des stimulations sensorielles et motrices quotidiennes qui vont r\u00e9pondre aux besoins du corps de l&#8217;enfant et permettre aux r\u00e9flexes de finir de r\u00e9aliser leur \u00e9volution. Ces petits mouvements sont effectu\u00e9s \u00e0 la maison avec un des parents qui guide, encourage et accompagne son enfant. Ce temps de 10 minutes par jour doit s&#8217;int\u00e9grer au rythme de la famille.<span style=\"font-style: normal; font-variant-ligatures: normal; font-variant-caps: normal; letter-spacing: normal; color: rgb(34, 34, 34); font-family: Arial, Helvetica, sans-serif; font-size: small; font-weight: 400; text-align: start;\">&nbsp;<\/span><\/p>\t\t\t\t\t\t<\/div>\n\t\t\t\t<\/div>\n\t\t\t\t<div class=\"elementor-element elementor-element-7ac214c elementor-widget elementor-widget-text-editor\" data-id=\"7ac214c\" data-element_type=\"widget\" data-widget_type=\"text-editor.default\">\n\t\t\t\t<div class=\"elementor-widget-container\">\n\t\t\t\t\t\t\t<p>La m\u00e9thode RSEM a \u00e9t\u00e9 d\u00e9velopp\u00e9e pour identifier les causes sous-jacentes des difficult\u00e9s d&#8217;apprentissages, de comportement et de sensibilit\u00e9 et offrir un programme de mouvement , qui peut aider l&#8217;enfant \u00e0 surmonter ses probl\u00e8mes et lui donner les outils pour r\u00e9ussir.<\/p>\t\t\t\t\t\t<\/div>\n\t\t\t\t<\/div>\n\t\t\t\t\t<\/div>\n\t\t\t\t<\/div>\n\t\t\t\t<\/div>\n\t\t","protected":false},"excerpt":{"rendered":"<p>Le RSEM est une m\u00e9thode neuro-d\u00e9veloppementale\u00a0qui repose sur l&#8217;id\u00e9e que les difficult\u00e9s d&#8217;apprentissage et de comportement surviennent, entre autres, en raison de la pr\u00e9sence de r\u00e9flexes primitifs. En effectuant les bons mouvements, ces r\u00e9flexes peuvent encore se d\u00e9velopper. Lorsque les r\u00e9flexes primitifs ont pu remplir leurs fonctions, ils se saturent naturellement et laissent la place &hellip; <\/p>\n<p class=\"link-more\"><a href=\"https:\/\/rsem-pour-grandir.fr\/?page_id=29\" class=\"more-link\">Continue reading<span class=\"screen-reader-text\"> &#8220;RSEM&#8221;<\/span><\/a><\/p>\n","protected":false},"author":1,"featured_media":0,"parent":0,"menu_order":0,"comment_status":"closed","ping_status":"closed","template":"","meta":{"_regular_price":[],"currency_symbol":[],"om_disable_all_campaigns":false,"_monsterinsights_skip_tracking":false,"_monsterinsights_sitenote_active":false,"_monsterinsights_sitenote_note":"","_monsterinsights_sitenote_category":0,"footnotes":""},"class_list":["post-29","page","type-page","status-publish","hentry"],"aioseo_notices":[],"post_slider_layout_featured_media_urls":{"thumbnail":"","post_slider_layout_landscape_large":"","post_slider_layout_portrait_large":"","post_slider_layout_square_large":"","post_slider_layout_landscape":"","post_slider_layout_portrait":"","post_slider_layout_square":"","full":""},"_links":{"self":[{"href":"https:\/\/rsem-pour-grandir.fr\/index.php?rest_route=\/wp\/v2\/pages\/29"}],"collection":[{"href":"https:\/\/rsem-pour-grandir.fr\/index.php?rest_route=\/wp\/v2\/pages"}],"about":[{"href":"https:\/\/rsem-pour-grandir.fr\/index.php?rest_route=\/wp\/v2\/types\/page"}],"author":[{"embeddable":true,"href":"https:\/\/rsem-pour-grandir.fr\/index.php?rest_route=\/wp\/v2\/users\/1"}],"replies":[{"embeddable":true,"href":"https:\/\/rsem-pour-grandir.fr\/index.php?rest_route=%2Fwp%2Fv2%2Fcomments&post=29"}],"version-history":[{"count":8,"href":"https:\/\/rsem-pour-grandir.fr\/index.php?rest_route=\/wp\/v2\/pages\/29\/revisions"}],"predecessor-version":[{"id":374,"href":"https:\/\/rsem-pour-grandir.fr\/index.php?rest_route=\/wp\/v2\/pages\/29\/revisions\/374"}],"wp:attachment":[{"href":"https:\/\/rsem-pour-grandir.fr\/index.php?rest_route=%2Fwp%2Fv2%2Fmedia&parent=29"}],"curies":[{"name":"wp","href":"https:\/\/api.w.org\/{rel}","templated":true}]}}